{"id":5294,"date":"2024-05-22T09:56:15","date_gmt":"2024-05-22T07:56:15","guid":{"rendered":"https:\/\/bastia-aeroport.cci.corsica\/?page_id=5294"},"modified":"2025-07-22T15:03:52","modified_gmt":"2025-07-22T13:03:52","slug":"activites","status":"publish","type":"page","link":"https:\/\/bastia-aeroport.cci.corsica\/en\/activites\/","title":{"rendered":"Activities"},"content":{"rendered":"<div data-elementor-type=\"wp-page\" data-elementor-id=\"5294\" class=\"elementor elementor-5294\" data-elementor-post-type=\"page\">\n\t\t\t\t<div class=\"elementor-element elementor-element-0072b85 e-grid e-con-boxed e-con e-parent\" data-id=\"0072b85\" data-element_type=\"container\">\n\t\t\t\t\t<div class=\"e-con-inner\">\n\t\t\t\t<div class=\"elementor-element elementor-element-f8e5b1f elementor-widget elementor-widget-image\" data-id=\"f8e5b1f\" data-element_type=\"widget\" data-widget_type=\"image.default\">\n\t\t\t\t<div class=\"elementor-widget-container\">\n\t\t\t\t\t\t\t\t\t\t\t\t\t\t\t<img decoding=\"async\" src=\"https:\/\/bastia-aeroport.cci.corsica\/wp-content\/uploads\/sites\/3\/elementor\/thumbs\/Design-sans-titre4-qoiz5ucltvv60imowyexyxubj4sr2vtaqk8g3oww5g.png\" title=\"Design sans titre(4)\" alt=\"Photo of a front-facing aircraft taking off\" loading=\"lazy\" \/>\t\t\t\t\t\t\t\t\t\t\t\t\t\t\t<\/div>\n\t\t\t\t<\/div>\n\t\t\t\t<div class=\"elementor-element elementor-element-746713d elementor-widget elementor-widget-text-editor\" data-id=\"746713d\" data-element_type=\"widget\" data-widget_type=\"text-editor.default\">\n\t\t\t\t<div class=\"elementor-widget-container\">\n\t\t\t\t\t\t\t\t\t<h3>\u00a0<\/h3><h3><strong>D\u00c9VELOPPEMENT LIGNES<br \/><\/strong><\/h3><p>Nos \u00e9quipes travaillent au d\u00e9veloppement du r\u00e9seau avec les compagnies et \u00e0 la connectivit\u00e9 de notre territoire. L\u2019objectif \u00e9tant d\u2019offrir \u00e0 nos passagers des connexions fiables entre la Corse, les principales m\u00e9tropoles r\u00e9gionales et les capitales europ\u00e9ennes.<\/p>\t\t\t\t\t\t\t\t<\/div>\n\t\t\t\t<\/div>\n\t\t\t\t<div class=\"elementor-element elementor-element-10fb4e1 elementor-widget elementor-widget-text-editor\" data-id=\"10fb4e1\" data-element_type=\"widget\" data-widget_type=\"text-editor.default\">\n\t\t\t\t<div class=\"elementor-widget-container\">\n\t\t\t\t\t\t\t\t\t<h3><strong>GESTION <\/strong><strong>INFRASTRUCTURES<\/strong><\/h3><p>Nous assurons l\u2019ensemble de la maintenance et le d\u00e9veloppement des infrastructures, pour garantir un service de qualit\u00e9 et efficient \u00e0 nos passagers et nos partenaires :<\/p><ul><li>Compagnies a\u00e9riennes;<\/li><li>Assistants au sol;<\/li><li>Entreprises implant\u00e9es sur la concession.<\/li><\/ul>\t\t\t\t\t\t\t\t<\/div>\n\t\t\t\t<\/div>\n\t\t\t\t<div class=\"elementor-element elementor-element-348ede1 elementor-widget elementor-widget-image\" data-id=\"348ede1\" data-element_type=\"widget\" data-widget_type=\"image.default\">\n\t\t\t\t<div class=\"elementor-widget-container\">\n\t\t\t\t\t\t\t\t\t\t\t\t\t\t\t<img decoding=\"async\" src=\"https:\/\/bastia-aeroport.cci.corsica\/wp-content\/uploads\/sites\/3\/elementor\/thumbs\/A7_06126-scaled-qps8vdq5s01gnnup0opwndwu3441q0taptcek105vo.jpg\" title=\"A7_06126\" alt=\"voyageurs attendant leurs bagages pr\u00eat du tapis\" loading=\"lazy\" \/>\t\t\t\t\t\t\t\t\t\t\t\t\t\t\t<\/div>\n\t\t\t\t<\/div>\n\t\t\t\t<div class=\"elementor-element elementor-element-a0904b4 elementor-widget elementor-widget-image\" data-id=\"a0904b4\" data-element_type=\"widget\" data-widget_type=\"image.default\">\n\t\t\t\t<div class=\"elementor-widget-container\">\n\t\t\t\t\t\t\t\t\t\t\t\t\t\t\t<img decoding=\"async\" src=\"https:\/\/bastia-aeroport.cci.corsica\/wp-content\/uploads\/sites\/3\/elementor\/thumbs\/A7_06094-scaled-qps8ti1s3xgtfqkzzvgrnuznbddmbtcmgidg03sibo.jpg\" title=\"A7_06094\" alt=\"Vue de l&#039;int\u00e9rieur en hauteur de l&#039;a\u00e9rogare avec les voyageurs qui patientent\" loading=\"lazy\" \/>\t\t\t\t\t\t\t\t\t\t\t\t\t\t\t<\/div>\n\t\t\t\t<\/div>\n\t\t\t\t<div class=\"elementor-element elementor-element-2f66f98 elementor-widget elementor-widget-text-editor\" data-id=\"2f66f98\" data-element_type=\"widget\" data-widget_type=\"text-editor.default\">\n\t\t\t\t<div class=\"elementor-widget-container\">\n\t\t\t\t\t\t\t\t\t<h3>D\u00c9VELOPPEMENT\u00a0 INFRASTRUCTURES<\/h3><p>La modernisation de notre plateforme est au c\u0153ur de nos pr\u00e9occupations, c\u2019est pourquoi nous r\u00e9alisons des travaux importants qui redessineront une nouvelle image \u00e0 notre structure tout en conjuguant performances environnementales, et, en contribuant \u00e0 une industrie a\u00e9ronautique plus propre et plus durable<\/p>\t\t\t\t\t\t\t\t<\/div>\n\t\t\t\t<\/div>\n\t\t\t\t<div class=\"elementor-element elementor-element-df5a71a elementor-widget elementor-widget-text-editor\" data-id=\"df5a71a\" data-element_type=\"widget\" data-widget_type=\"text-editor.default\">\n\t\t\t\t<div class=\"elementor-widget-container\">\n\t\t\t\t\t\t\t\t\t<h3>\u00a0<\/h3><p>\u00a0<\/p><h3><strong>QUALIT\u00c9 DE SERVICE ET EXP\u00c9RIENCE PASSAGERS\u00a0<\/strong><\/h3><p>Nos \u00e9quipes travaillent au quotidien pour proposer une qualit\u00e9 de service au plus proche des attentes des passagers.<\/p>\t\t\t\t\t\t\t\t<\/div>\n\t\t\t\t<\/div>\n\t\t\t\t<div class=\"elementor-element elementor-element-7dee181 elementor-widget elementor-widget-image\" data-id=\"7dee181\" data-element_type=\"widget\" data-widget_type=\"image.default\">\n\t\t\t\t<div class=\"elementor-widget-container\">\n\t\t\t\t\t\t\t\t\t\t\t\t\t\t\t<img decoding=\"async\" src=\"https:\/\/bastia-aeroport.cci.corsica\/wp-content\/uploads\/sites\/3\/elementor\/thumbs\/Design-sans-titre2-1-qoizc06imsau4hogxmawbdv3q2fdjg9y9271czrzd0.png\" title=\"Design sans titre(2)\" alt=\"Escalier descendant vers l&#039;\u00e9tage inf\u00e9rieur\" loading=\"lazy\" \/>\t\t\t\t\t\t\t\t\t\t\t\t\t\t\t<\/div>\n\t\t\t\t<\/div>\n\t\t\t\t\t<\/div>\n\t\t\t\t<\/div>\n\t\t<div class=\"elementor-element elementor-element-3bd1beb e-flex e-con-boxed e-con e-parent\" data-id=\"3bd1beb\" data-element_type=\"container\">\n\t\t\t\t\t<div class=\"e-con-inner\">\n\t\t\t\t\t<\/div>\n\t\t\t\t<\/div>\n\t\t<div class=\"elementor-element elementor-element-d570f97 e-flex e-con-boxed e-con e-parent\" data-id=\"d570f97\" data-element_type=\"container\">\n\t\t\t\t\t<div class=\"e-con-inner\">\n\t\t\t\t<div class=\"elementor-element elementor-element-ab43dab elementor-widget elementor-widget-spacer\" data-id=\"ab43dab\" data-element_type=\"widget\" data-widget_type=\"spacer.default\">\n\t\t\t\t<div class=\"elementor-widget-container\">\n\t\t\t\t\t\t\t<div class=\"elementor-spacer\">\n\t\t\t<div class=\"elementor-spacer-inner\"><\/div>\n\t\t<\/div>\n\t\t\t\t\t\t<\/div>\n\t\t\t\t<\/div>\n\t\t\t\t\t<\/div>\n\t\t\t\t<\/div>\n\t\t<div class=\"elementor-element elementor-element-a9779e6 e-flex e-con-boxed e-con e-parent\" data-id=\"a9779e6\" data-element_type=\"container\">\n\t\t\t\t\t<div class=\"e-con-inner\">\n\t\t\t\t\t<\/div>\n\t\t\t\t<\/div>\n\t\t\t\t<\/div>","protected":false},"excerpt":{"rendered":"<p>\u00a0 D\u00c9VELOPPEMENT LIGNES Nos \u00e9quipes travaillent au d\u00e9veloppement du r\u00e9seau avec les compagnies et \u00e0 la connectivit\u00e9 de notre territoire. L\u2019objectif \u00e9tant d\u2019offrir \u00e0 nos passagers des connexions fiables entre la Corse, les principales m\u00e9tropoles r\u00e9gionales et les capitales europ\u00e9ennes. GESTION INFRASTRUCTURES Nous assurons l\u2019ensemble de la maintenance et le d\u00e9veloppement des infrastructures, pour garantir [&hellip;]<\/p>\n","protected":false},"author":7,"featured_media":0,"parent":0,"menu_order":0,"comment_status":"closed","ping_status":"closed","template":"","meta":{"_acf_changed":false,"_seopress_robots_primary_cat":"","_seopress_titles_title":"","_seopress_titles_desc":"","_seopress_robots_index":"","footnotes":""},"type-de-page":[6],"class_list":{"0":"post-5294","1":"page","2":"type-page","3":"status-publish","5":"type-de-page-page-sans-image"},"acf":[],"_links":{"self":[{"href":"https:\/\/bastia-aeroport.cci.corsica\/en\/wp-json\/wp\/v2\/pages\/5294","targetHints":{"allow":["GET"]}}],"collection":[{"href":"https:\/\/bastia-aeroport.cci.corsica\/en\/wp-json\/wp\/v2\/pages"}],"about":[{"href":"https:\/\/bastia-aeroport.cci.corsica\/en\/wp-json\/wp\/v2\/types\/page"}],"author":[{"embeddable":true,"href":"https:\/\/bastia-aeroport.cci.corsica\/en\/wp-json\/wp\/v2\/users\/7"}],"replies":[{"embeddable":true,"href":"https:\/\/bastia-aeroport.cci.corsica\/en\/wp-json\/wp\/v2\/comments?post=5294"}],"version-history":[{"count":44,"href":"https:\/\/bastia-aeroport.cci.corsica\/en\/wp-json\/wp\/v2\/pages\/5294\/revisions"}],"predecessor-version":[{"id":8427,"href":"https:\/\/bastia-aeroport.cci.corsica\/en\/wp-json\/wp\/v2\/pages\/5294\/revisions\/8427"}],"wp:attachment":[{"href":"https:\/\/bastia-aeroport.cci.corsica\/en\/wp-json\/wp\/v2\/media?parent=5294"}],"wp:term":[{"taxonomy":"type-de-page","embeddable":true,"href":"https:\/\/bastia-aeroport.cci.corsica\/en\/wp-json\/wp\/v2\/type-de-page?post=5294"}],"curies":[{"name":"wp","href":"https:\/\/api.w.org\/{rel}","templated":true}]}}