{"id":5832,"date":"2024-05-28T11:54:00","date_gmt":"2024-05-28T09:54:00","guid":{"rendered":"https:\/\/bastia-aeroport.cci.corsica\/?page_id=5832"},"modified":"2026-01-21T11:06:57","modified_gmt":"2026-01-21T10:06:57","slug":"sustainable-development","status":"publish","type":"page","link":"https:\/\/bastia-aeroport.cci.corsica\/en\/developpement-durable\/","title":{"rendered":"Sustainable development"},"content":{"rendered":"<div data-elementor-type=\"wp-page\" data-elementor-id=\"5832\" class=\"elementor elementor-5832\" data-elementor-post-type=\"page\">\n\t\t\t\t<div class=\"elementor-element elementor-element-4fb05ab e-flex e-con-boxed e-con e-parent\" data-id=\"4fb05ab\" data-element_type=\"container\">\n\t\t\t\t\t<div class=\"e-con-inner\">\n\t\t<div class=\"elementor-element elementor-element-d0d1792 e-con-full e-flex e-con e-child\" data-id=\"d0d1792\" data-element_type=\"container\">\n\t\t\t\t<div class=\"elementor-element elementor-element-64bfc64 elementor-widget elementor-widget-heading\" data-id=\"64bfc64\" data-element_type=\"widget\" data-widget_type=\"heading.default\">\n\t\t\t\t<div class=\"elementor-widget-container\">\n\t\t\t\t\t<h2 class=\"elementor-heading-title elementor-size-default\">Aerobiodiversity<\/h2>\t\t\t\t<\/div>\n\t\t\t\t<\/div>\n\t\t\t\t<div class=\"elementor-element elementor-element-7bc9db6 elementor-widget__width-initial elementor-widget elementor-widget-text-editor\" data-id=\"7bc9db6\" data-element_type=\"widget\" data-widget_type=\"text-editor.default\">\n\t\t\t\t<div class=\"elementor-widget-container\">\n\t\t\t\t\t\t\t\t\t<p>With a large meadow conducive to biodiversity, our structure is committed to protecting flora and fauna while complying with aeronautical and regulatory constraints.<\/p><p>Our Bastia Poretta airport has achieved this:<\/p><p><strong>The Aerobio Label - Level 1<\/strong>.<\/p><p><strong>This label demonstrates the investment and commitment of the EPCI of Corsica and the airport teams to sustainable development and environmental protection. <\/strong><\/p><p>Since 2016, our platform has been a partner in this approach. The participatory science protocols have been monitored regularly since we joined.<\/p><p>In 2023, <strong>96<\/strong> plant species, including <strong>7<\/strong> have been observed, <em>52<\/em> bird species, including <strong>5<\/strong> new (all have national protection status), <strong>84<\/strong> insect species, including <strong>2<\/strong> news, <strong>6 <\/strong>species of bat and a red fox.<\/p><p>Over the past year (2023), the A\u00e9roBiodiversit\u00e9 Association has carried out 3 protocol visits (including one at night).<\/p>\t\t\t\t\t\t\t\t<\/div>\n\t\t\t\t<\/div>\n\t\t\t\t<div class=\"elementor-element elementor-element-6fa15c0 elementor-widget elementor-widget-text-editor\" data-id=\"6fa15c0\" data-element_type=\"widget\" data-widget_type=\"text-editor.default\">\n\t\t\t\t<div class=\"elementor-widget-container\">\n\t\t\t\t\t\t\t\t\t<p><strong>Highlight: Stop using plant protection products<\/strong><\/p>\t\t\t\t\t\t\t\t<\/div>\n\t\t\t\t<\/div>\n\t\t\t\t<\/div>\n\t\t<div class=\"elementor-element elementor-element-3106d5a e-con-full e-flex e-con e-child\" data-id=\"3106d5a\" data-element_type=\"container\" data-settings=\"{&quot;background_background&quot;:&quot;classic&quot;}\">\n\t\t\t\t<\/div>\n\t\t\t\t\t<\/div>\n\t\t\t\t<\/div>\n\t\t<div class=\"elementor-element elementor-element-8b5f44f e-flex e-con-boxed e-con e-parent\" data-id=\"8b5f44f\" data-element_type=\"container\">\n\t\t\t\t\t<div class=\"e-con-inner\">\n\t\t\t\t<div class=\"elementor-element elementor-element-025c9bb elementor-alert-info elementor-widget elementor-widget-alert\" data-id=\"025c9bb\" data-element_type=\"widget\" data-widget_type=\"alert.default\">\n\t\t\t\t<div class=\"elementor-widget-container\">\n\t\t\t\t\t\t\t<div class=\"elementor-alert\" role=\"alert\">\n\n\t\t\t\n\t\t\t\t\t\t<span class=\"elementor-alert-description\">The aim of the A\u00e9ro Biodiversit\u00e9 Association is to assess and promote the biodiversity of airports, to identify good practice and to act as a link between those involved in the air transport sector in order to promote more natural management of areas that respects biodiversity, while taking account of operating constraints, particularly those relating to air safety.<\/span>\n\t\t\t\n\t\t\t\t\t\t<button type=\"button\" class=\"elementor-alert-dismiss\" aria-label=\"Ignorer cette alerte.\">\n\t\t\t\t\t\t\t\t\t<span aria-hidden=\"true\">\u00d7<\/span>\n\t\t\t\t\t\t\t<\/button>\n\t\t\t\n\t\t<\/div>\n\t\t\t\t\t\t<\/div>\n\t\t\t\t<\/div>\n\t\t\t\t\t<\/div>\n\t\t\t\t<\/div>\n\t\t<div class=\"elementor-element elementor-element-205c9d8 e-flex e-con-boxed e-con e-parent\" data-id=\"205c9d8\" data-element_type=\"container\">\n\t\t\t\t\t<div class=\"e-con-inner\">\n\t\t<div class=\"elementor-element elementor-element-989fe8d e-con-full e-flex e-con e-child\" data-id=\"989fe8d\" data-element_type=\"container\" data-settings=\"{&quot;background_background&quot;:&quot;classic&quot;}\">\n\t\t\t\t<\/div>\n\t\t<div class=\"elementor-element elementor-element-8299763 e-con-full e-flex e-con e-child\" data-id=\"8299763\" data-element_type=\"container\">\n\t\t\t\t<div class=\"elementor-element elementor-element-ecf6fe7 elementor-widget elementor-widget-heading\" data-id=\"ecf6fe7\" data-element_type=\"widget\" data-widget_type=\"heading.default\">\n\t\t\t\t<div class=\"elementor-widget-container\">\n\t\t\t\t\t<h2 class=\"elementor-heading-title elementor-size-default\">Airport carbon accreditation<\/h2>\t\t\t\t<\/div>\n\t\t\t\t<\/div>\n\t\t\t\t<div class=\"elementor-element elementor-element-54c91d7 elementor-widget elementor-widget-text-editor\" data-id=\"54c91d7\" data-element_type=\"widget\" data-widget_type=\"text-editor.default\">\n\t\t\t\t<div class=\"elementor-widget-container\">\n\t\t\t\t\t\t\t\t\t<p>The airport has taken steps to reduce its greenhouse gas emissions by joining the Airport Carbon Accreditation programme.<\/p><p>The Airport Carbon Accreditation (ACA) programme run by ACI (Airport Council International) independently assesses and recognises the efforts made by airports to manage and reduce carbon emissions through 7 levels of certification.\u00a0<\/p>\t\t\t\t\t\t\t\t<\/div>\n\t\t\t\t<\/div>\n\t\t\t\t<\/div>\n\t\t\t\t\t<\/div>\n\t\t\t\t<\/div>\n\t\t<div class=\"elementor-element elementor-element-3f6ebaa e-flex e-con-boxed e-con e-parent\" data-id=\"3f6ebaa\" data-element_type=\"container\">\n\t\t\t\t\t<div class=\"e-con-inner\">\n\t\t\t\t<div class=\"elementor-element elementor-element-cc62a56 elementor-drop-cap-yes elementor-drop-cap-view-default elementor-widget elementor-widget-text-editor\" data-id=\"cc62a56\" data-element_type=\"widget\" data-settings=\"{&quot;drop_cap&quot;:&quot;yes&quot;}\" data-widget_type=\"text-editor.default\">\n\t\t\t\t<div class=\"elementor-widget-container\">\n\t\t\t\t\t\t\t\t\t<p><strong><u>What is the Airport Carbon Accreditation programme?<\/u><\/strong><\/p>\n<ul>\n<li>Institutionally recognised global certification programme for airport carbon management<\/li>\n<li>Independently assesses and recognises the efforts made by airports to manage and reduce their carbon emissions through 4 levels of certification: Mapping, Reduction, Optimisation and Neutrality.<\/li>\n<li>Enables airports to access different levels of carbon management and carbon neutrality for airports of all sizes<\/li>\n<\/ul>\t\t\t\t\t\t\t\t<\/div>\n\t\t\t\t<\/div>\n\t\t\t\t<div class=\"elementor-element elementor-element-65593f7 elementor-widget elementor-widget-text-editor\" data-id=\"65593f7\" data-element_type=\"widget\" data-widget_type=\"text-editor.default\">\n\t\t\t\t<div class=\"elementor-widget-container\">\n\t\t\t\t\t\t\t\t\t<p><strong><u>Why get involved?<\/u><\/strong><\/p><p>The island airports managed by the EPCI are committed to sustainable development and ecological transition in order to preserve the region's environmental heritage. It is therefore important to adopt a long-term approach with objectives focused primarily on assessing and reducing greenhouse gas emissions.<\/p>\t\t\t\t\t\t\t\t<\/div>\n\t\t\t\t<\/div>\n\t\t\t\t<div class=\"elementor-element elementor-element-82f8325 elementor-widget elementor-widget-text-editor\" data-id=\"82f8325\" data-element_type=\"widget\" data-widget_type=\"text-editor.default\">\n\t\t\t\t<div class=\"elementor-widget-container\">\n\t\t\t\t\t\t\t\t\t<p><strong><u>Certification obtained by the airport<\/u><\/strong><\/p>\n<p><strong>REDUCTION level<\/strong>, in recognition of actions taken to reduce CO2 emissions<\/p>\t\t\t\t\t\t\t\t<\/div>\n\t\t\t\t<\/div>\n\t\t\t\t<div class=\"elementor-element elementor-element-826a3fc elementor-align-center elementor-widget elementor-widget-button\" data-id=\"826a3fc\" data-element_type=\"widget\" data-widget_type=\"button.default\">\n\t\t\t\t<div class=\"elementor-widget-container\">\n\t\t\t\t\t\t\t\t\t<div class=\"elementor-button-wrapper\">\n\t\t\t\t\t<a class=\"elementor-button elementor-button-link elementor-size-sm\" href=\"http:\/\/bastia-aeroport.cci.corsica\/wp-content\/uploads\/sites\/3\/2024\/05\/lettre-d-engagement-aca-2-vdef-1.pdf\">\n\t\t\t\t\t\t<span class=\"elementor-button-content-wrapper\">\n\t\t\t\t\t\t\t\t\t<span class=\"elementor-button-text\">THE LETTER OF COMMITMENT<\/span>\n\t\t\t\t\t<\/span>\n\t\t\t\t\t<\/a>\n\t\t\t\t<\/div>\n\t\t\t\t\t\t\t\t<\/div>\n\t\t\t\t<\/div>\n\t\t\t\t\t<\/div>\n\t\t\t\t<\/div>\n\t\t<div class=\"elementor-element elementor-element-25e2ed9 e-flex e-con-boxed e-con e-parent\" data-id=\"25e2ed9\" data-element_type=\"container\">\n\t\t\t\t\t<div class=\"e-con-inner\">\n\t\t\t\t<div class=\"elementor-element elementor-element-73d4d80 elementor-widget elementor-widget-image\" data-id=\"73d4d80\" data-element_type=\"widget\" data-widget_type=\"image.default\">\n\t\t\t\t<div class=\"elementor-widget-container\">\n\t\t\t\t\t\t\t\t\t\t\t\t\t\t\t\t<a href=\"http:\/\/bastia-aeroport.cci.corsica\/wp-content\/uploads\/sites\/3\/2024\/05\/accreditation-carbon-bastia-1100x771-1.png\" data-elementor-open-lightbox=\"yes\" data-elementor-lightbox-title=\"accreditation-carbon-bastia-1100x771\" data-e-action-hash=\"#elementor-action%3Aaction%3Dlightbox%26settings%3DeyJpZCI6IjU4NTYiLCJ1cmwiOiJodHRwczpcL1wvYmFzdGlhLWFlcm9wb3J0LmNjaS5jb3JzaWNhXC93cC1jb250ZW50XC91cGxvYWRzXC9zaXRlc1wvM1wvMjAyNFwvMDVcL2FjY3JlZGl0YXRpb24tY2FyYm9uLWJhc3RpYS0xMTAweDc3MS0xLnBuZyJ9\">\n\t\t\t\t\t\t\t<img fetchpriority=\"high\" decoding=\"async\" width=\"1100\" height=\"771\" src=\"https:\/\/bastia-aeroport.cci.corsica\/wp-content\/uploads\/sites\/3\/2024\/05\/accreditation-carbon-bastia-1100x771-1.png\" class=\"attachment-full size-full wp-image-5856\" alt=\"air carbon accredited certificate\" srcset=\"https:\/\/bastia-aeroport.cci.corsica\/wp-content\/uploads\/sites\/3\/2024\/05\/accreditation-carbon-bastia-1100x771-1.png 1100w, https:\/\/bastia-aeroport.cci.corsica\/wp-content\/uploads\/sites\/3\/2024\/05\/accreditation-carbon-bastia-1100x771-1-300x210.png 300w, https:\/\/bastia-aeroport.cci.corsica\/wp-content\/uploads\/sites\/3\/2024\/05\/accreditation-carbon-bastia-1100x771-1-1024x718.png 1024w, https:\/\/bastia-aeroport.cci.corsica\/wp-content\/uploads\/sites\/3\/2024\/05\/accreditation-carbon-bastia-1100x771-1-768x538.png 768w, https:\/\/bastia-aeroport.cci.corsica\/wp-content\/uploads\/sites\/3\/2024\/05\/accreditation-carbon-bastia-1100x771-1-18x12.png 18w\" sizes=\"(max-width: 1100px) 100vw, 1100px\" \/>\t\t\t\t\t\t\t\t<\/a>\n\t\t\t\t\t\t\t\t\t\t\t\t\t\t\t<\/div>\n\t\t\t\t<\/div>\n\t\t\t\t\t<\/div>\n\t\t\t\t<\/div>\n\t\t\t\t<\/div>","protected":false},"excerpt":{"rendered":"<p>A\u00e9robiodiversit\u00e9 Avec une grande prairie propice \u00e0 l\u2019accueil de la biodiversit\u00e9, notre structure s\u2019engage \u00e0 favoriser la protection de la faune et de la flore tout en respectant les contraintes a\u00e9ronautiques et r\u00e9glementaires. En ce sens, notre a\u00e9roport de Bastia Poretta a obtenu: Le label A\u00e9robio \u2013 Niveau 1. Cette lab\u00e9lisation vient d\u00e9montrer l\u2019investissement et [&hellip;]<\/p>\n","protected":false},"author":7,"featured_media":0,"parent":0,"menu_order":0,"comment_status":"closed","ping_status":"closed","template":"","meta":{"_acf_changed":false,"_seopress_robots_primary_cat":"","_seopress_titles_title":"","_seopress_titles_desc":"","_seopress_robots_index":"","footnotes":""},"type-de-page":[6],"class_list":{"0":"post-5832","1":"page","2":"type-page","3":"status-publish","5":"type-de-page-page-sans-image"},"acf":[],"_links":{"self":[{"href":"https:\/\/bastia-aeroport.cci.corsica\/en\/wp-json\/wp\/v2\/pages\/5832","targetHints":{"allow":["GET"]}}],"collection":[{"href":"https:\/\/bastia-aeroport.cci.corsica\/en\/wp-json\/wp\/v2\/pages"}],"about":[{"href":"https:\/\/bastia-aeroport.cci.corsica\/en\/wp-json\/wp\/v2\/types\/page"}],"author":[{"embeddable":true,"href":"https:\/\/bastia-aeroport.cci.corsica\/en\/wp-json\/wp\/v2\/users\/7"}],"replies":[{"embeddable":true,"href":"https:\/\/bastia-aeroport.cci.corsica\/en\/wp-json\/wp\/v2\/comments?post=5832"}],"version-history":[{"count":43,"href":"https:\/\/bastia-aeroport.cci.corsica\/en\/wp-json\/wp\/v2\/pages\/5832\/revisions"}],"predecessor-version":[{"id":8612,"href":"https:\/\/bastia-aeroport.cci.corsica\/en\/wp-json\/wp\/v2\/pages\/5832\/revisions\/8612"}],"wp:attachment":[{"href":"https:\/\/bastia-aeroport.cci.corsica\/en\/wp-json\/wp\/v2\/media?parent=5832"}],"wp:term":[{"taxonomy":"type-de-page","embeddable":true,"href":"https:\/\/bastia-aeroport.cci.corsica\/en\/wp-json\/wp\/v2\/type-de-page?post=5832"}],"curies":[{"name":"wp","href":"https:\/\/api.w.org\/{rel}","templated":true}]}}