{"id":6014,"date":"2024-06-02T20:41:46","date_gmt":"2024-06-02T18:41:46","guid":{"rendered":"https:\/\/bastia-aeroport.cci.corsica\/?page_id=6014"},"modified":"2024-07-18T11:10:57","modified_gmt":"2024-07-18T09:10:57","slug":"network-development","status":"publish","type":"page","link":"https:\/\/bastia-aeroport.cci.corsica\/en\/developpement-reseau\/","title":{"rendered":"Network development"},"content":{"rendered":"<div data-elementor-type=\"wp-page\" data-elementor-id=\"6014\" class=\"elementor elementor-6014\" data-elementor-post-type=\"page\">\n\t\t\t\t<div class=\"elementor-element elementor-element-fc75eb6 e-flex e-con-boxed e-con e-parent\" data-id=\"fc75eb6\" data-element_type=\"container\">\n\t\t\t\t\t<div class=\"e-con-inner\">\n\t\t<div class=\"elementor-element elementor-element-5e265d5 e-flex e-con-boxed e-con e-child\" data-id=\"5e265d5\" data-element_type=\"container\">\n\t\t\t\t\t<div class=\"e-con-inner\">\n\t\t\t\t<div class=\"elementor-element elementor-element-4a5971b elementor-widget elementor-widget-text-editor\" data-id=\"4a5971b\" data-element_type=\"widget\" data-widget_type=\"text-editor.default\">\n\t\t\t\t<div class=\"elementor-widget-container\">\n\t\t\t\t\t\t\t\t\t<p>You are an airline or a tour operator and you would like to :<\/p>\t\t\t\t\t\t\t\t<\/div>\n\t\t\t\t<\/div>\n\t\t\t\t<div class=\"elementor-element elementor-element-92e0470 elementor-widget elementor-widget-text-editor\" data-id=\"92e0470\" data-element_type=\"widget\" data-widget_type=\"text-editor.default\">\n\t\t\t\t<div class=\"elementor-widget-container\">\n\t\t\t\t\t\t\t\t\t<p><strong><span style=\"color: var( --e-global-color-text );font-family: var( --e-global-typography-text-font-family ), Sans-serif;font-size: var( --e-global-typography-text-font-size );text-align: var(--text-align)\">Add Bastia to your route network, a new exceptional Mediterranean destination to offer your customers?<\/span><\/strong><\/p><p><strong>Expand your existing offer from Bastia airport?<\/strong><\/p>\t\t\t\t\t\t\t\t<\/div>\n\t\t\t\t<\/div>\n\t\t\t\t<div class=\"elementor-element elementor-element-d062261 elementor-widget elementor-widget-text-editor\" data-id=\"d062261\" data-element_type=\"widget\" data-widget_type=\"text-editor.default\">\n\t\t\t\t<div class=\"elementor-widget-container\">\n\t\t\t\t\t\t\t\t\t<p>Bastia Poretta Airport offers you incentive tariffs and personalised marketing and promotional support to facilitate your arrival and the development of your business:<\/p>\t\t\t\t\t\t\t\t<\/div>\n\t\t\t\t<\/div>\n\t\t\t\t<div class=\"elementor-element elementor-element-752bb29 elementor-widget elementor-widget-text-editor\" data-id=\"752bb29\" data-element_type=\"widget\" data-widget_type=\"text-editor.default\">\n\t\t\t\t<div class=\"elementor-widget-container\">\n\t\t\t\t\t\t\t\t\t<ul><li>Tariff incentives for development are available in the brochure below:<\/li><\/ul>\t\t\t\t\t\t\t\t<\/div>\n\t\t\t\t<\/div>\n\t\t\t\t<div class=\"elementor-element elementor-element-9481ddd elementor-align-center elementor-widget elementor-widget-button\" data-id=\"9481ddd\" data-element_type=\"widget\" data-widget_type=\"button.default\">\n\t\t\t\t<div class=\"elementor-widget-container\">\n\t\t\t\t\t\t\t\t\t<div class=\"elementor-button-wrapper\">\n\t\t\t\t\t<a class=\"elementor-button elementor-button-link elementor-size-sm\" href=\"#\">\n\t\t\t\t\t\t<span class=\"elementor-button-content-wrapper\">\n\t\t\t\t\t\t\t\t\t<span class=\"elementor-button-text\">Incentives: Brochure in preparation<\/span>\n\t\t\t\t\t<\/span>\n\t\t\t\t\t<\/a>\n\t\t\t\t<\/div>\n\t\t\t\t\t\t\t\t<\/div>\n\t\t\t\t<\/div>\n\t\t\t\t<div class=\"elementor-element elementor-element-6f18ce9 elementor-widget elementor-widget-text-editor\" data-id=\"6f18ce9\" data-element_type=\"widget\" data-widget_type=\"text-editor.default\">\n\t\t\t\t<div class=\"elementor-widget-container\">\n\t\t\t\t\t\t\t\t\t<ul><li>For personalised marketing support, please contact the Marketing &amp; Business Development team:\u00a0<a href=\"mailto:c.boquel@bastia.aeroport.fr\">c.boquel@bastia.aeroport.fr<\/a>\u00a0<\/li><\/ul>\t\t\t\t\t\t\t\t<\/div>\n\t\t\t\t<\/div>\n\t\t\t\t<div class=\"elementor-element elementor-element-f40657e elementor-widget elementor-widget-spacer\" data-id=\"f40657e\" data-element_type=\"widget\" data-widget_type=\"spacer.default\">\n\t\t\t\t<div class=\"elementor-widget-container\">\n\t\t\t\t\t\t\t<div class=\"elementor-spacer\">\n\t\t\t<div class=\"elementor-spacer-inner\"><\/div>\n\t\t<\/div>\n\t\t\t\t\t\t<\/div>\n\t\t\t\t<\/div>\n\t\t\t\t\t<\/div>\n\t\t\t\t<\/div>\n\t\t\t\t\t<\/div>\n\t\t\t\t<\/div>\n\t\t\t\t<\/div>","protected":false},"excerpt":{"rendered":"<p>Vous \u00eates une compagnie a\u00e9rienne ou un tour-op\u00e9rateur et vous souhaitez : Accrocher Bastia \u00e0 votre r\u00e9seau de lignes, une nouvelle destination d\u2019exception en M\u00e9diterran\u00e9e \u00e0 proposer \u00e0 vos clients ? \u00c9toffer votre offre existante au d\u00e9part de l\u2019a\u00e9roport de Bastia ? L\u2019a\u00e9roport de Bastia Poretta vous propose des mesures tarifaires incitatives et un accompagnement [&hellip;]<\/p>\n","protected":false},"author":4,"featured_media":5333,"parent":0,"menu_order":0,"comment_status":"closed","ping_status":"closed","template":"","meta":{"_acf_changed":false,"_seopress_robots_primary_cat":"","_seopress_titles_title":"","_seopress_titles_desc":"","_seopress_robots_index":"","footnotes":""},"type-de-page":[5],"class_list":{"0":"post-6014","1":"page","2":"type-page","3":"status-publish","4":"has-post-thumbnail","6":"type-de-page-page-avec-image"},"acf":[],"_links":{"self":[{"href":"https:\/\/bastia-aeroport.cci.corsica\/en\/wp-json\/wp\/v2\/pages\/6014","targetHints":{"allow":["GET"]}}],"collection":[{"href":"https:\/\/bastia-aeroport.cci.corsica\/en\/wp-json\/wp\/v2\/pages"}],"about":[{"href":"https:\/\/bastia-aeroport.cci.corsica\/en\/wp-json\/wp\/v2\/types\/page"}],"author":[{"embeddable":true,"href":"https:\/\/bastia-aeroport.cci.corsica\/en\/wp-json\/wp\/v2\/users\/4"}],"replies":[{"embeddable":true,"href":"https:\/\/bastia-aeroport.cci.corsica\/en\/wp-json\/wp\/v2\/comments?post=6014"}],"version-history":[{"count":26,"href":"https:\/\/bastia-aeroport.cci.corsica\/en\/wp-json\/wp\/v2\/pages\/6014\/revisions"}],"predecessor-version":[{"id":7708,"href":"https:\/\/bastia-aeroport.cci.corsica\/en\/wp-json\/wp\/v2\/pages\/6014\/revisions\/7708"}],"wp:featuredmedia":[{"embeddable":true,"href":"https:\/\/bastia-aeroport.cci.corsica\/en\/wp-json\/wp\/v2\/media\/5333"}],"wp:attachment":[{"href":"https:\/\/bastia-aeroport.cci.corsica\/en\/wp-json\/wp\/v2\/media?parent=6014"}],"wp:term":[{"taxonomy":"type-de-page","embeddable":true,"href":"https:\/\/bastia-aeroport.cci.corsica\/en\/wp-json\/wp\/v2\/type-de-page?post=6014"}],"curies":[{"name":"wp","href":"https:\/\/api.w.org\/{rel}","templated":true}]}}