{"id":6043,"date":"2024-06-02T21:38:55","date_gmt":"2024-06-02T19:38:55","guid":{"rendered":"https:\/\/bastia-aeroport.cci.corsica\/?page_id=6043"},"modified":"2024-07-19T09:25:51","modified_gmt":"2024-07-19T07:25:51","slug":"technical-information","status":"publish","type":"page","link":"https:\/\/bastia-aeroport.cci.corsica\/en\/informations-techniques\/","title":{"rendered":"Technical information"},"content":{"rendered":"<div data-elementor-type=\"wp-page\" data-elementor-id=\"6043\" class=\"elementor elementor-6043\" data-elementor-post-type=\"page\">\n\t\t\t\t<div class=\"elementor-element elementor-element-e4e721f e-flex e-con-boxed e-con e-parent\" data-id=\"e4e721f\" data-element_type=\"container\">\n\t\t\t\t\t<div class=\"e-con-inner\">\n\t\t\t\t<div class=\"elementor-element elementor-element-b09a950 elementor-widget elementor-widget-n-accordion\" data-id=\"b09a950\" data-element_type=\"widget\" data-settings=\"{&quot;default_state&quot;:&quot;expanded&quot;,&quot;max_items_expended&quot;:&quot;one&quot;,&quot;n_accordion_animation_duration&quot;:{&quot;unit&quot;:&quot;ms&quot;,&quot;size&quot;:400,&quot;sizes&quot;:[]}}\" data-widget_type=\"nested-accordion.default\">\n\t\t\t\t<div class=\"elementor-widget-container\">\n\t\t\t\t\t\t\t<div class=\"e-n-accordion\" aria-label=\"Accordion. Open links with Enter or Space, close with Escape, and navigate with Arrow Keys\">\n\t\t\t\t\t\t<details id=\"e-n-accordion-item-1850\" class=\"e-n-accordion-item\" open>\n\t\t\t\t<summary class=\"e-n-accordion-item-title\" data-accordion-index=\"1\" tabindex=\"0\" aria-expanded=\"true\" aria-controls=\"e-n-accordion-item-1850\" >\n\t\t\t\t\t<span class='e-n-accordion-item-title-header'><div class=\"e-n-accordion-item-title-text\"> Track <\/div><\/span>\n\t\t\t\t\t\t\t<span class='e-n-accordion-item-title-icon'>\n\t\t\t<span class='e-opened' ><svg aria-hidden=\"true\" class=\"e-font-icon-svg e-fas-minus\" viewbox=\"0 0 448 512\" xmlns=\"http:\/\/www.w3.org\/2000\/svg\"><path d=\"M416 208H32c-17.67 0-32 14.33-32 32v32c0 17.67 14.33 32 32 32h384c17.67 0 32-14.33 32-32v-32c0-17.67-14.33-32-32-32z\"><\/path><\/svg><\/span>\n\t\t\t<span class='e-closed'><svg aria-hidden=\"true\" class=\"e-font-icon-svg e-fas-plus\" viewbox=\"0 0 448 512\" xmlns=\"http:\/\/www.w3.org\/2000\/svg\"><path d=\"M416 208H272V64c0-17.67-14.33-32-32-32h-32c-17.67 0-32 14.33-32 32v144H32c-17.67 0-32 14.33-32 32v32c0 17.67 14.33 32 32 32h144v144c0 17.67 14.33 32 32 32h32c17.67 0 32-14.33 32-32V304h144c17.67 0 32-14.33 32-32v-32c0-17.67-14.33-32-32-32z\"><\/path><\/svg><\/span>\n\t\t<\/span>\n\n\t\t\t\t\t\t<\/summary>\n\t\t\t\t<div role=\"region\" aria-labelledby=\"e-n-accordion-item-1850\" class=\"elementor-element elementor-element-3d8ae4d e-con-full e-flex e-con e-child\" data-id=\"3d8ae4d\" data-element_type=\"container\">\n\t\t\t\t<div class=\"elementor-element elementor-element-40d1f39 elementor-widget elementor-widget-text-editor\" data-id=\"40d1f39\" data-element_type=\"widget\" data-widget_type=\"text-editor.default\">\n\t\t\t\t<div class=\"elementor-widget-container\">\n\t\t\t\t\t\t\t\t\t<ul><li>Dimensions: 2,520m x 50m<\/li><li>Orientation: 16\/34<\/li><li>Surfacing: bituminous concrete<\/li><li>Landing aids: ILS CAL 1 VOR DME, LOCATOR, GONIO<\/li><li>Lighting: HI-BI-PAPI, flashing lights, runway and taxiways<\/li><\/ul>\t\t\t\t\t\t\t\t<\/div>\n\t\t\t\t<\/div>\n\t\t\t\t<\/div>\n\t\t\t\t\t<\/details>\n\t\t\t\t\t\t<details id=\"e-n-accordion-item-1851\" class=\"e-n-accordion-item\" >\n\t\t\t\t<summary class=\"e-n-accordion-item-title\" data-accordion-index=\"2\" tabindex=\"-1\" aria-expanded=\"false\" aria-controls=\"e-n-accordion-item-1851\" >\n\t\t\t\t\t<span class='e-n-accordion-item-title-header'><div class=\"e-n-accordion-item-title-text\"> Civil aerodrome <\/div><\/span>\n\t\t\t\t\t\t\t<span class='e-n-accordion-item-title-icon'>\n\t\t\t<span class='e-opened' ><svg aria-hidden=\"true\" class=\"e-font-icon-svg e-fas-minus\" viewbox=\"0 0 448 512\" xmlns=\"http:\/\/www.w3.org\/2000\/svg\"><path d=\"M416 208H32c-17.67 0-32 14.33-32 32v32c0 17.67 14.33 32 32 32h384c17.67 0 32-14.33 32-32v-32c0-17.67-14.33-32-32-32z\"><\/path><\/svg><\/span>\n\t\t\t<span class='e-closed'><svg aria-hidden=\"true\" class=\"e-font-icon-svg e-fas-plus\" viewbox=\"0 0 448 512\" xmlns=\"http:\/\/www.w3.org\/2000\/svg\"><path d=\"M416 208H272V64c0-17.67-14.33-32-32-32h-32c-17.67 0-32 14.33-32 32v144H32c-17.67 0-32 14.33-32 32v32c0 17.67 14.33 32 32 32h144v144c0 17.67 14.33 32 32 32h32c17.67 0 32-14.33 32-32V304h144c17.67 0 32-14.33 32-32v-32c0-17.67-14.33-32-32-32z\"><\/path><\/svg><\/span>\n\t\t<\/span>\n\n\t\t\t\t\t\t<\/summary>\n\t\t\t\t<div role=\"region\" aria-labelledby=\"e-n-accordion-item-1851\" class=\"elementor-element elementor-element-7cf9940 e-con-full e-flex e-con e-child\" data-id=\"7cf9940\" data-element_type=\"container\">\n\t\t\t\t<div class=\"elementor-element elementor-element-570a56d elementor-widget elementor-widget-text-editor\" data-id=\"570a56d\" data-element_type=\"widget\" data-widget_type=\"text-editor.default\">\n\t\t\t\t<div class=\"elementor-widget-container\">\n\t\t\t\t\t\t\t\t\t<ul><li>Open to CAP - Open to international traffic - VFR night IFR<\/li><li>Opening hours: H24 Rating: 4 E<\/li><li>Level 5: 00:00 to 05:59<\/li><li>Level 7: 06:00 to 23:59<\/li><li>Category A\/ ARFFS: Category 7\/<\/li><li>Land area: 213 ha<\/li><\/ul>\t\t\t\t\t\t\t\t<\/div>\n\t\t\t\t<\/div>\n\t\t\t\t<\/div>\n\t\t\t\t\t<\/details>\n\t\t\t\t\t\t<details id=\"e-n-accordion-item-1852\" class=\"e-n-accordion-item\" >\n\t\t\t\t<summary class=\"e-n-accordion-item-title\" data-accordion-index=\"3\" tabindex=\"-1\" aria-expanded=\"false\" aria-controls=\"e-n-accordion-item-1852\" >\n\t\t\t\t\t<span class='e-n-accordion-item-title-header'><div class=\"e-n-accordion-item-title-text\"> Aviation Commercial  <\/div><\/span>\n\t\t\t\t\t\t\t<span class='e-n-accordion-item-title-icon'>\n\t\t\t<span class='e-opened' ><svg aria-hidden=\"true\" class=\"e-font-icon-svg e-fas-minus\" viewbox=\"0 0 448 512\" xmlns=\"http:\/\/www.w3.org\/2000\/svg\"><path d=\"M416 208H32c-17.67 0-32 14.33-32 32v32c0 17.67 14.33 32 32 32h384c17.67 0 32-14.33 32-32v-32c0-17.67-14.33-32-32-32z\"><\/path><\/svg><\/span>\n\t\t\t<span class='e-closed'><svg aria-hidden=\"true\" class=\"e-font-icon-svg e-fas-plus\" viewbox=\"0 0 448 512\" xmlns=\"http:\/\/www.w3.org\/2000\/svg\"><path d=\"M416 208H272V64c0-17.67-14.33-32-32-32h-32c-17.67 0-32 14.33-32 32v144H32c-17.67 0-32 14.33-32 32v32c0 17.67 14.33 32 32 32h144v144c0 17.67 14.33 32 32 32h32c17.67 0 32-14.33 32-32V304h144c17.67 0 32-14.33 32-32v-32c0-17.67-14.33-32-32-32z\"><\/path><\/svg><\/span>\n\t\t<\/span>\n\n\t\t\t\t\t\t<\/summary>\n\t\t\t\t<div role=\"region\" aria-labelledby=\"e-n-accordion-item-1852\" class=\"elementor-element elementor-element-a682411 e-con-full e-flex e-con e-child\" data-id=\"a682411\" data-element_type=\"container\">\n\t\t\t\t<div class=\"elementor-element elementor-element-e595962 elementor-widget elementor-widget-text-editor\" data-id=\"e595962\" data-element_type=\"widget\" data-widget_type=\"text-editor.default\">\n\t\t\t\t<div class=\"elementor-widget-container\">\n\t\t\t\t\t\t\t\t\t<ul><li>Passenger terminal area: 9093 m2<\/li><li>Check-in halls: 1,500 m2<\/li><li>Boarding banks: 25<\/li><li>Boarding lounges: 1,100 m2<\/li><li>Baggage delivery areas: 900 m2<\/li><li>Conveyors: 2<\/li><li>Annual handling capacity: 1,500,000 passengers<\/li><li>Parking area: 109,389 m2 Paved area<\/li><li>Number of Alpha stations: 10 (including two B777 wide-body aircraft)<\/li><li>Poste Bravo: 1 (B16)<\/li><li>Delta stations: 3 (D9, D10, D11)<\/li><li>Charly positions: 2 (C12, C13)<\/li><\/ul>\t\t\t\t\t\t\t\t<\/div>\n\t\t\t\t<\/div>\n\t\t\t\t<\/div>\n\t\t\t\t\t<\/details>\n\t\t\t\t\t\t<details id=\"e-n-accordion-item-1853\" class=\"e-n-accordion-item\" >\n\t\t\t\t<summary class=\"e-n-accordion-item-title\" data-accordion-index=\"4\" tabindex=\"-1\" aria-expanded=\"false\" aria-controls=\"e-n-accordion-item-1853\" >\n\t\t\t\t\t<span class='e-n-accordion-item-title-header'><div class=\"e-n-accordion-item-title-text\"> General and business aviation <\/div><\/span>\n\t\t\t\t\t\t\t<span class='e-n-accordion-item-title-icon'>\n\t\t\t<span class='e-opened' ><svg aria-hidden=\"true\" class=\"e-font-icon-svg e-fas-minus\" viewbox=\"0 0 448 512\" xmlns=\"http:\/\/www.w3.org\/2000\/svg\"><path d=\"M416 208H32c-17.67 0-32 14.33-32 32v32c0 17.67 14.33 32 32 32h384c17.67 0 32-14.33 32-32v-32c0-17.67-14.33-32-32-32z\"><\/path><\/svg><\/span>\n\t\t\t<span class='e-closed'><svg aria-hidden=\"true\" class=\"e-font-icon-svg e-fas-plus\" viewbox=\"0 0 448 512\" xmlns=\"http:\/\/www.w3.org\/2000\/svg\"><path d=\"M416 208H272V64c0-17.67-14.33-32-32-32h-32c-17.67 0-32 14.33-32 32v144H32c-17.67 0-32 14.33-32 32v32c0 17.67 14.33 32 32 32h144v144c0 17.67 14.33 32 32 32h32c17.67 0 32-14.33 32-32V304h144c17.67 0 32-14.33 32-32v-32c0-17.67-14.33-32-32-32z\"><\/path><\/svg><\/span>\n\t\t<\/span>\n\n\t\t\t\t\t\t<\/summary>\n\t\t\t\t<div role=\"region\" aria-labelledby=\"e-n-accordion-item-1853\" class=\"elementor-element elementor-element-fc080b7 e-flex e-con-boxed e-con e-child\" data-id=\"fc080b7\" data-element_type=\"container\">\n\t\t\t\t\t<div class=\"e-con-inner\">\n\t\t\t\t<div class=\"elementor-element elementor-element-fffb7dc elementor-widget elementor-widget-text-editor\" data-id=\"fffb7dc\" data-element_type=\"widget\" data-widget_type=\"text-editor.default\">\n\t\t\t\t<div class=\"elementor-widget-container\">\n\t\t\t\t\t\t\t\t\t<ul><li>Aircraft hangar area: 2,575 m2<\/li><li>Aero clubs, 2 hangars: 300 m2<\/li><li>Private aviation, 3 hangars: 200 m2<\/li><li>Aircraft maintenance hangar: 1,000 m2<\/li><li>Number of positions: 10<\/li><\/ul>\t\t\t\t\t\t\t\t<\/div>\n\t\t\t\t<\/div>\n\t\t\t\t\t<\/div>\n\t\t\t\t<\/div>\n\t\t\t\t\t<\/details>\n\t\t\t\t\t<\/div>\n\t\t\t\t\t\t<\/div>\n\t\t\t\t<\/div>\n\t\t\t\t<div class=\"elementor-element elementor-element-3931d47 elementor-widget elementor-widget-spacer\" data-id=\"3931d47\" data-element_type=\"widget\" data-widget_type=\"spacer.default\">\n\t\t\t\t<div class=\"elementor-widget-container\">\n\t\t\t\t\t\t\t<div class=\"elementor-spacer\">\n\t\t\t<div class=\"elementor-spacer-inner\"><\/div>\n\t\t<\/div>\n\t\t\t\t\t\t<\/div>\n\t\t\t\t<\/div>\n\t\t\t\t\t<\/div>\n\t\t\t\t<\/div>\n\t\t\t\t<\/div>","protected":false},"excerpt":{"rendered":"<p>Piste Dimension\u00a0: 2\u00a0520m x 50m Orientation\u00a0: 16\/34 Rev\u00eatement\u00a0: b\u00e9ton bitumineux Aide \u00e0 l\u2019atterrissage\u00a0: \u00a0 ILS CAL 1 VOR DME, LOCATOR, GONIO Balisage lumineux : HI-BI-PAPI, feux \u00e0 \u00e9clats, piste et voies de circulation A\u00e9rodrome Civil Ouvert \u00e0 la CAP \u2013 Ouvert au trafic international \u2013 VFR nuit IFR Heure d\u2019ouverture\u00a0: H24 Classement\u00a0: 4 E Niveau [&hellip;]<\/p>\n","protected":false},"author":4,"featured_media":6774,"parent":0,"menu_order":0,"comment_status":"closed","ping_status":"closed","template":"","meta":{"_acf_changed":false,"_seopress_robots_primary_cat":"","_seopress_titles_title":"","_seopress_titles_desc":"","_seopress_robots_index":"","footnotes":""},"type-de-page":[5],"class_list":{"0":"post-6043","1":"page","2":"type-page","3":"status-publish","4":"has-post-thumbnail","6":"type-de-page-page-avec-image"},"acf":[],"_links":{"self":[{"href":"https:\/\/bastia-aeroport.cci.corsica\/en\/wp-json\/wp\/v2\/pages\/6043","targetHints":{"allow":["GET"]}}],"collection":[{"href":"https:\/\/bastia-aeroport.cci.corsica\/en\/wp-json\/wp\/v2\/pages"}],"about":[{"href":"https:\/\/bastia-aeroport.cci.corsica\/en\/wp-json\/wp\/v2\/types\/page"}],"author":[{"embeddable":true,"href":"https:\/\/bastia-aeroport.cci.corsica\/en\/wp-json\/wp\/v2\/users\/4"}],"replies":[{"embeddable":true,"href":"https:\/\/bastia-aeroport.cci.corsica\/en\/wp-json\/wp\/v2\/comments?post=6043"}],"version-history":[{"count":10,"href":"https:\/\/bastia-aeroport.cci.corsica\/en\/wp-json\/wp\/v2\/pages\/6043\/revisions"}],"predecessor-version":[{"id":7836,"href":"https:\/\/bastia-aeroport.cci.corsica\/en\/wp-json\/wp\/v2\/pages\/6043\/revisions\/7836"}],"wp:featuredmedia":[{"embeddable":true,"href":"https:\/\/bastia-aeroport.cci.corsica\/en\/wp-json\/wp\/v2\/media\/6774"}],"wp:attachment":[{"href":"https:\/\/bastia-aeroport.cci.corsica\/en\/wp-json\/wp\/v2\/media?parent=6043"}],"wp:term":[{"taxonomy":"type-de-page","embeddable":true,"href":"https:\/\/bastia-aeroport.cci.corsica\/en\/wp-json\/wp\/v2\/type-de-page?post=6043"}],"curies":[{"name":"wp","href":"https:\/\/api.w.org\/{rel}","templated":true}]}}